{"id":5444,"date":"2024-06-21T14:35:18","date_gmt":"2024-06-21T12:35:18","guid":{"rendered":"https:\/\/wip.atempo-music.fr\/?page_id=5444"},"modified":"2024-07-12T17:59:51","modified_gmt":"2024-07-12T15:59:51","slug":"reserver-une-partition-a-tempo","status":"publish","type":"page","link":"https:\/\/www.atempo-music.fr\/index.php\/reserver-une-partition-a-tempo\/","title":{"rendered":"Demande de partition"},"content":{"rendered":"\n<div class=\"wp-block-cover alignfull\" style=\"min-height:600px;aspect-ratio:unset;\"><span aria-hidden=\"true\" class=\"wp-block-cover__background has-nv-site-bg-background-color has-background-dim-80 has-background-dim\"><\/span><img loading=\"lazy\" decoding=\"async\" width=\"2560\" height=\"1700\" class=\"wp-block-cover__image-background wp-image-5274\" alt=\"\" src=\"http:\/\/www.atempo-music.fr\/wp-content\/uploads\/2024\/06\/DSC_0003-plus-lumineuse-1-scaled.jpg\" data-object-fit=\"cover\" srcset=\"https:\/\/www.atempo-music.fr\/wp-content\/uploads\/2024\/06\/DSC_0003-plus-lumineuse-1-scaled.jpg 2560w, https:\/\/www.atempo-music.fr\/wp-content\/uploads\/2024\/06\/DSC_0003-plus-lumineuse-1-300x199.jpg 300w, https:\/\/www.atempo-music.fr\/wp-content\/uploads\/2024\/06\/DSC_0003-plus-lumineuse-1-1024x680.jpg 1024w, https:\/\/www.atempo-music.fr\/wp-content\/uploads\/2024\/06\/DSC_0003-plus-lumineuse-1-768x510.jpg 768w, https:\/\/www.atempo-music.fr\/wp-content\/uploads\/2024\/06\/DSC_0003-plus-lumineuse-1-1536x1020.jpg 1536w, https:\/\/www.atempo-music.fr\/wp-content\/uploads\/2024\/06\/DSC_0003-plus-lumineuse-1-2048x1360.jpg 2048w\" sizes=\"auto, (max-width: 2560px) 100vw, 2560px\" \/><div class=\"wp-block-cover__inner-container is-layout-flow wp-block-cover-is-layout-flow\">\n<div class=\"wp-block-group\"><div class=\"wp-block-group__inner-container is-layout-flow wp-block-group-is-layout-flow\">\n<div style=\"height:80px\" aria-hidden=\"true\" class=\"wp-block-spacer\"><\/div>\n\n\n\n<div class=\"wp-block-columns is-layout-flex wp-container-core-columns-is-layout-9d6595d7 wp-block-columns-is-layout-flex\">\n<div class=\"wp-block-column is-layout-flow wp-block-column-is-layout-flow\" style=\"flex-basis:50%\">\n<h2 class=\"wp-block-heading has-neve-link-color-color has-text-color has-link-color wp-elements-3952e53f276cdb0cf5714066584c531b\">R\u00e9server ou commander une partition<\/h2>\n\n\n\n<p class=\"has-nv-dark-bg-color has-text-color has-link-color wp-elements-2ab3ee842a2bcbdb829a74a3ba997de2\" style=\"font-size:1.1rem\">Vous souhaitez\u00a0<strong>r\u00e9server ou commander une partition de musique<\/strong>\u00a0afin de la r\u00e9cup\u00e9rer aupr\u00e8s de nos boutiques du <a aria-label=\" (opens in a new tab)\" href=\"https:\/\/www.atempo-music.fr\/index.php\/a-tempo-le-puy-en-velay\/\" target=\"_blank\" rel=\"noreferrer noopener\" class=\"ek-link\"><strong>Puy-en-Velay<\/strong><\/a> ou de <a aria-label=\" (opens in a new tab)\" href=\"https:\/\/www.atempo-music.fr\/index.php\/a-tempo-saint-etienne\/\" target=\"_blank\" rel=\"noreferrer noopener\" class=\"ek-link\"><strong>Saint-\u00c9tienne<\/strong><\/a> ? Rien de plus simple ! Il vous suffit de\u00a0<strong>remplir le formulaire ci-dessous<\/strong>, de choisir le magasin dans lequel vous souhaitez la r\u00e9cup\u00e9rer, puis nous vous recontacterons lorsque celle-ci sera disponible.<\/p>\n<\/div>\n\n\n\n<div class=\"wp-block-column is-vertically-aligned-center is-layout-flow wp-block-column-is-layout-flow\" style=\"flex-basis:50%\">\n<div id=\"wp-block-themeisle-blocks-form-5a53b94c\" class=\"wp-block-themeisle-blocks-form\" data-option-name=\"bf9b28ff82ce323187abc5d0feb0d8f07ecd8436_5a53b94c\"><form class=\"otter-form__container\">\n<div id=\"wp-block-themeisle-blocks-form-input-dcbb4f89\" class=\"wp-block-themeisle-blocks-form-input\"><label for=\"wp-block-themeisle-blocks-form-input-dcbb4f89-input\" class=\"otter-form-input-label\"><span class=\"otter-form-input-label__label\">Nom<\/span><span class=\"required\">*<\/span><\/label><input type=\"text\" name=\"\" id=\"wp-block-themeisle-blocks-form-input-dcbb4f89-input\" required class=\"otter-form-input\"\/><\/div>\n\n\n\n<div id=\"wp-block-themeisle-blocks-form-input-09730e69\" class=\"wp-block-themeisle-blocks-form-input\"><label for=\"wp-block-themeisle-blocks-form-input-09730e69-input\" class=\"otter-form-input-label\"><span class=\"otter-form-input-label__label\">T\u00e9l\u00e9phone<\/span><span class=\"required\">*<\/span><\/label><input type=\"text\" id=\"wp-block-themeisle-blocks-form-input-09730e69-input\" required class=\"otter-form-input\"\/><\/div>\n\n\n\n<div id=\"wp-block-themeisle-blocks-form-input-c32e5623\" class=\"wp-block-themeisle-blocks-form-input\"><label for=\"wp-block-themeisle-blocks-form-input-c32e5623-input\" class=\"otter-form-input-label\"><span class=\"otter-form-input-label__label\">Email<\/span><span class=\"required\">*<\/span><\/label><input type=\"email\" name=\"your-email\" id=\"wp-block-themeisle-blocks-form-input-c32e5623-input\" required class=\"otter-form-input\"\/><\/div>\n\n\n\n<div id=\"wp-block-themeisle-blocks-form-textarea-655994fe\" class=\"wp-block-themeisle-blocks-form-textarea\"><label for=\"wp-block-themeisle-blocks-form-textarea-655994fe-input\" class=\"otter-form-textarea-label\"><span class=\"otter-form-textarea-label__label\">Message<\/span><\/label><textarea id=\"wp-block-themeisle-blocks-form-textarea-655994fe-input\" rows=\"10\" class=\"otter-form-textarea-input\"><\/textarea><\/div>\n\n\n<div class=\"protection\" aria-hidden=\"true\"><input type=\"hidden\" id=\"wp-block-themeisle-blocks-form-5a53b94c_nonce_field\" name=\"wp-block-themeisle-blocks-form-5a53b94c_nonce_field\" value=\"0ea21b3e42\" \/><input type=\"hidden\" name=\"_wp_http_referer\" value=\"\/index.php\/wp-json\/wp\/v2\/pages\/5444\" \/><input class=\"o-anti-bot\" type=\"checkbox\"><\/div>\n\n\n<div id=\"wp-block-themeisle-blocks-form-input-571ee759\" class=\"wp-block-themeisle-blocks-form-input\"><label for=\"wp-block-themeisle-blocks-form-input-571ee759-input\" class=\"otter-form-input-label\"><span class=\"otter-form-input-label__label\">Titre de la partition<\/span><span class=\"required\">*<\/span><\/label><input type=\"text\" id=\"wp-block-themeisle-blocks-form-input-571ee759-input\" required class=\"otter-form-input\"\/><\/div>\n\n\n\n<div id=\"wp-block-themeisle-blocks-form-input-21e3cd64\" class=\"wp-block-themeisle-blocks-form-input\"><label for=\"wp-block-themeisle-blocks-form-input-21e3cd64-input\" class=\"otter-form-input-label\"><span class=\"otter-form-input-label__label\">Instrument<\/span><span class=\"required\">*<\/span><\/label><input type=\"text\" id=\"wp-block-themeisle-blocks-form-input-21e3cd64-input\" required class=\"otter-form-input\"\/><\/div>\n\n\n\n<div id=\"wp-block-themeisle-blocks-form-input-406c3e80\" class=\"wp-block-themeisle-blocks-form-input\"><label for=\"wp-block-themeisle-blocks-form-input-406c3e80-input\" class=\"otter-form-input-label\"><span class=\"otter-form-input-label__label\">Auteur de la partition<\/span><span class=\"required\">*<\/span><\/label><input type=\"text\" id=\"wp-block-themeisle-blocks-form-input-406c3e80-input\" required class=\"otter-form-input\"\/><\/div>\n\n\n\n<div id=\"wp-block-themeisle-blocks-form-input-1728731f\" class=\"wp-block-themeisle-blocks-form-input\"><label for=\"wp-block-themeisle-blocks-form-input-1728731f-input\" class=\"otter-form-input-label\"><span class=\"otter-form-input-label__label\">\u00c9diteur de la partition<\/span><\/label><input type=\"text\" name=\"\" id=\"wp-block-themeisle-blocks-form-input-1728731f-input\" class=\"otter-form-input\" value=\"\"\/><\/div>\n\n\n<div class=\"wp-block-themeisle-blocks-form-multiple-choice\" id=\"wp-block-themeisle-blocks-form-input-b86bf6cf\"><label class=\"otter-form-input-label\" >R\u00e9cup\u00e9rer ma partition \u00e0 : <span class=\"required\">*<\/span><\/label><div class=\"o-form-choices\"><div class=\"o-form-multiple-choice-field\"><input type=\"radio\" name=\"wp-block-themeisle-blocks-form-input-b86bf6cf\" id=\"field-Puy-en-Velay\" value=\"Puy-en-Velay\" required \/><label for=\"field-Puy-en-Velay\" class=\"o-form-choice-label\">Puy-en-Velay<\/label><\/div><div class=\"o-form-multiple-choice-field\"><input type=\"radio\" name=\"wp-block-themeisle-blocks-form-input-b86bf6cf\" id=\"field-Saint-\u00c9tienne\" value=\"Saint-\u00c9tienne\" required checked \/><label for=\"field-Saint-\u00c9tienne\" class=\"o-form-choice-label\">Saint-\u00c9tienne<\/label><\/div><\/div><span class=\"o-form-help\"><\/span><\/div><div class=\"wp-block-button\"><button class=\"wp-block-button__link\" type=\"submit\">Envoyer<\/button><\/div><\/form><\/div>\n<\/div>\n<\/div>\n\n\n\n<div style=\"height:40px\" aria-hidden=\"true\" class=\"wp-block-spacer\"><\/div>\n<\/div><\/div>\n<\/div><\/div>\n","protected":false},"excerpt":{"rendered":"","protected":false},"author":1,"featured_media":0,"parent":0,"menu_order":0,"comment_status":"closed","ping_status":"closed","template":"","meta":{"_editorskit_title_hidden":false,"_editorskit_reading_time":0,"_editorskit_is_block_options_detached":false,"_editorskit_block_options_position":"{}","neve_meta_sidebar":"default","neve_meta_container":"","neve_meta_enable_content_width":"on","neve_meta_content_width":100,"neve_meta_title_alignment":"","neve_meta_author_avatar":"","neve_post_elements_order":"","neve_meta_disable_header":"","neve_meta_disable_footer":"","neve_meta_disable_title":"on","_themeisle_gutenberg_block_has_review":false,"footnotes":""},"class_list":["post-5444","page","type-page","status-publish","hentry"],"yoast_head":"<!-- This site is optimized with the Yoast SEO plugin v27.3 - https:\/\/yoast.com\/product\/yoast-seo-wordpress\/ -->\n<title>R\u00e9server une partition - Magasins de musique A Tempo<\/title>\n<meta name=\"description\" content=\"R\u00e9servez votre partition de musique puis venez la r\u00e9cup\u00e9rer dans l&#039;un de nos magasins de musique du Puy-en-Velay ou de Saint-\u00c9tienne !\" \/>\n<meta name=\"robots\" content=\"index, follow, max-snippet:-1, max-image-preview:large, max-video-preview:-1\" \/>\n<link rel=\"canonical\" href=\"https:\/\/www.atempo-music.fr\/index.php\/reserver-une-partition-a-tempo\/\" \/>\n<meta property=\"og:locale\" content=\"en_US\" \/>\n<meta property=\"og:type\" content=\"article\" \/>\n<meta property=\"og:title\" content=\"R\u00e9server une partition - Magasins de musique A Tempo\" \/>\n<meta property=\"og:description\" content=\"R\u00e9servez votre partition de musique puis venez la r\u00e9cup\u00e9rer dans l&#039;un de nos magasins de musique du Puy-en-Velay ou de Saint-\u00c9tienne !\" \/>\n<meta property=\"og:url\" content=\"https:\/\/www.atempo-music.fr\/index.php\/reserver-une-partition-a-tempo\/\" \/>\n<meta property=\"og:site_name\" content=\"A Tempo\" \/>\n<meta property=\"article:publisher\" content=\"https:\/\/www.facebook.com\/ATEMPOSaintEtienne\" \/>\n<meta property=\"article:modified_time\" content=\"2024-07-12T15:59:51+00:00\" \/>\n<meta property=\"og:image\" content=\"http:\/\/www.atempo-music.fr\/wp-content\/uploads\/2024\/06\/DSC_0003-plus-lumineuse-1-scaled.jpg\" \/>\n<meta name=\"twitter:card\" content=\"summary_large_image\" \/>\n<meta name=\"twitter:label1\" content=\"Est. reading time\" \/>\n\t<meta name=\"twitter:data1\" content=\"1 minute\" \/>\n<script type=\"application\/ld+json\" class=\"yoast-schema-graph\">{\"@context\":\"https:\\\/\\\/schema.org\",\"@graph\":[{\"@type\":\"WebPage\",\"@id\":\"https:\\\/\\\/www.atempo-music.fr\\\/index.php\\\/reserver-une-partition-a-tempo\\\/\",\"url\":\"https:\\\/\\\/www.atempo-music.fr\\\/index.php\\\/reserver-une-partition-a-tempo\\\/\",\"name\":\"R\u00e9server une partition - Magasins de musique A Tempo\",\"isPartOf\":{\"@id\":\"https:\\\/\\\/www.atempo-music.fr\\\/#website\"},\"primaryImageOfPage\":{\"@id\":\"https:\\\/\\\/www.atempo-music.fr\\\/index.php\\\/reserver-une-partition-a-tempo\\\/#primaryimage\"},\"image\":{\"@id\":\"https:\\\/\\\/www.atempo-music.fr\\\/index.php\\\/reserver-une-partition-a-tempo\\\/#primaryimage\"},\"thumbnailUrl\":\"http:\\\/\\\/www.atempo-music.fr\\\/wp-content\\\/uploads\\\/2024\\\/06\\\/DSC_0003-plus-lumineuse-1-scaled.jpg\",\"datePublished\":\"2024-06-21T12:35:18+00:00\",\"dateModified\":\"2024-07-12T15:59:51+00:00\",\"description\":\"R\u00e9servez votre partition de musique puis venez la r\u00e9cup\u00e9rer dans l'un de nos magasins de musique du Puy-en-Velay ou de Saint-\u00c9tienne !\",\"breadcrumb\":{\"@id\":\"https:\\\/\\\/www.atempo-music.fr\\\/index.php\\\/reserver-une-partition-a-tempo\\\/#breadcrumb\"},\"inLanguage\":\"en-US\",\"potentialAction\":[{\"@type\":\"ReadAction\",\"target\":[\"https:\\\/\\\/www.atempo-music.fr\\\/index.php\\\/reserver-une-partition-a-tempo\\\/\"]}]},{\"@type\":\"ImageObject\",\"inLanguage\":\"en-US\",\"@id\":\"https:\\\/\\\/www.atempo-music.fr\\\/index.php\\\/reserver-une-partition-a-tempo\\\/#primaryimage\",\"url\":\"https:\\\/\\\/www.atempo-music.fr\\\/wp-content\\\/uploads\\\/2024\\\/06\\\/DSC_0003-plus-lumineuse-1-scaled.jpg\",\"contentUrl\":\"https:\\\/\\\/www.atempo-music.fr\\\/wp-content\\\/uploads\\\/2024\\\/06\\\/DSC_0003-plus-lumineuse-1-scaled.jpg\",\"width\":2560,\"height\":1700},{\"@type\":\"BreadcrumbList\",\"@id\":\"https:\\\/\\\/www.atempo-music.fr\\\/index.php\\\/reserver-une-partition-a-tempo\\\/#breadcrumb\",\"itemListElement\":[{\"@type\":\"ListItem\",\"position\":1,\"name\":\"Accueil\",\"item\":\"https:\\\/\\\/www.atempo-music.fr\\\/\"},{\"@type\":\"ListItem\",\"position\":2,\"name\":\"Demande de partition\"}]},{\"@type\":\"WebSite\",\"@id\":\"https:\\\/\\\/www.atempo-music.fr\\\/#website\",\"url\":\"https:\\\/\\\/www.atempo-music.fr\\\/\",\"name\":\"A Tempo\",\"description\":\"Vos boutiques musicales au Puy-en-Velay et Saint-Etienne\",\"publisher\":{\"@id\":\"https:\\\/\\\/www.atempo-music.fr\\\/#organization\"},\"potentialAction\":[{\"@type\":\"SearchAction\",\"target\":{\"@type\":\"EntryPoint\",\"urlTemplate\":\"https:\\\/\\\/www.atempo-music.fr\\\/?s={search_term_string}\"},\"query-input\":{\"@type\":\"PropertyValueSpecification\",\"valueRequired\":true,\"valueName\":\"search_term_string\"}}],\"inLanguage\":\"en-US\"},{\"@type\":\"Organization\",\"@id\":\"https:\\\/\\\/www.atempo-music.fr\\\/#organization\",\"name\":\"A Tempo\",\"url\":\"https:\\\/\\\/www.atempo-music.fr\\\/\",\"logo\":{\"@type\":\"ImageObject\",\"inLanguage\":\"en-US\",\"@id\":\"https:\\\/\\\/www.atempo-music.fr\\\/#\\\/schema\\\/logo\\\/image\\\/\",\"url\":\"https:\\\/\\\/www.atempo-music.fr\\\/wp-content\\\/uploads\\\/2024\\\/06\\\/Favicon-A-Tempo-en-blanc.png\",\"contentUrl\":\"https:\\\/\\\/www.atempo-music.fr\\\/wp-content\\\/uploads\\\/2024\\\/06\\\/Favicon-A-Tempo-en-blanc.png\",\"width\":513,\"height\":513,\"caption\":\"A Tempo\"},\"image\":{\"@id\":\"https:\\\/\\\/www.atempo-music.fr\\\/#\\\/schema\\\/logo\\\/image\\\/\"},\"sameAs\":[\"https:\\\/\\\/www.facebook.com\\\/ATEMPOSaintEtienne\",\"https:\\\/\\\/www.facebook.com\\\/ATEMPOLePuyEnVelay\\\/\",\"https:\\\/\\\/www.instagram.com\\\/atempo_saint_etienne\\\/\",\"https:\\\/\\\/www.instagram.com\\\/atempo_le_puy\\\/\"]}]}<\/script>\n<!-- \/ Yoast SEO plugin. -->","yoast_head_json":{"title":"R\u00e9server une partition - Magasins de musique A Tempo","description":"R\u00e9servez votre partition de musique puis venez la r\u00e9cup\u00e9rer dans l'un de nos magasins de musique du Puy-en-Velay ou de Saint-\u00c9tienne !","robots":{"index":"index","follow":"follow","max-snippet":"max-snippet:-1","max-image-preview":"max-image-preview:large","max-video-preview":"max-video-preview:-1"},"canonical":"https:\/\/www.atempo-music.fr\/index.php\/reserver-une-partition-a-tempo\/","og_locale":"en_US","og_type":"article","og_title":"R\u00e9server une partition - Magasins de musique A Tempo","og_description":"R\u00e9servez votre partition de musique puis venez la r\u00e9cup\u00e9rer dans l'un de nos magasins de musique du Puy-en-Velay ou de Saint-\u00c9tienne !","og_url":"https:\/\/www.atempo-music.fr\/index.php\/reserver-une-partition-a-tempo\/","og_site_name":"A Tempo","article_publisher":"https:\/\/www.facebook.com\/ATEMPOSaintEtienne","article_modified_time":"2024-07-12T15:59:51+00:00","og_image":[{"url":"http:\/\/www.atempo-music.fr\/wp-content\/uploads\/2024\/06\/DSC_0003-plus-lumineuse-1-scaled.jpg","type":"","width":"","height":""}],"twitter_card":"summary_large_image","twitter_misc":{"Est. reading time":"1 minute"},"schema":{"@context":"https:\/\/schema.org","@graph":[{"@type":"WebPage","@id":"https:\/\/www.atempo-music.fr\/index.php\/reserver-une-partition-a-tempo\/","url":"https:\/\/www.atempo-music.fr\/index.php\/reserver-une-partition-a-tempo\/","name":"R\u00e9server une partition - Magasins de musique A Tempo","isPartOf":{"@id":"https:\/\/www.atempo-music.fr\/#website"},"primaryImageOfPage":{"@id":"https:\/\/www.atempo-music.fr\/index.php\/reserver-une-partition-a-tempo\/#primaryimage"},"image":{"@id":"https:\/\/www.atempo-music.fr\/index.php\/reserver-une-partition-a-tempo\/#primaryimage"},"thumbnailUrl":"http:\/\/www.atempo-music.fr\/wp-content\/uploads\/2024\/06\/DSC_0003-plus-lumineuse-1-scaled.jpg","datePublished":"2024-06-21T12:35:18+00:00","dateModified":"2024-07-12T15:59:51+00:00","description":"R\u00e9servez votre partition de musique puis venez la r\u00e9cup\u00e9rer dans l'un de nos magasins de musique du Puy-en-Velay ou de Saint-\u00c9tienne !","breadcrumb":{"@id":"https:\/\/www.atempo-music.fr\/index.php\/reserver-une-partition-a-tempo\/#breadcrumb"},"inLanguage":"en-US","potentialAction":[{"@type":"ReadAction","target":["https:\/\/www.atempo-music.fr\/index.php\/reserver-une-partition-a-tempo\/"]}]},{"@type":"ImageObject","inLanguage":"en-US","@id":"https:\/\/www.atempo-music.fr\/index.php\/reserver-une-partition-a-tempo\/#primaryimage","url":"https:\/\/www.atempo-music.fr\/wp-content\/uploads\/2024\/06\/DSC_0003-plus-lumineuse-1-scaled.jpg","contentUrl":"https:\/\/www.atempo-music.fr\/wp-content\/uploads\/2024\/06\/DSC_0003-plus-lumineuse-1-scaled.jpg","width":2560,"height":1700},{"@type":"BreadcrumbList","@id":"https:\/\/www.atempo-music.fr\/index.php\/reserver-une-partition-a-tempo\/#breadcrumb","itemListElement":[{"@type":"ListItem","position":1,"name":"Accueil","item":"https:\/\/www.atempo-music.fr\/"},{"@type":"ListItem","position":2,"name":"Demande de partition"}]},{"@type":"WebSite","@id":"https:\/\/www.atempo-music.fr\/#website","url":"https:\/\/www.atempo-music.fr\/","name":"A Tempo","description":"Vos boutiques musicales au Puy-en-Velay et Saint-Etienne","publisher":{"@id":"https:\/\/www.atempo-music.fr\/#organization"},"potentialAction":[{"@type":"SearchAction","target":{"@type":"EntryPoint","urlTemplate":"https:\/\/www.atempo-music.fr\/?s={search_term_string}"},"query-input":{"@type":"PropertyValueSpecification","valueRequired":true,"valueName":"search_term_string"}}],"inLanguage":"en-US"},{"@type":"Organization","@id":"https:\/\/www.atempo-music.fr\/#organization","name":"A Tempo","url":"https:\/\/www.atempo-music.fr\/","logo":{"@type":"ImageObject","inLanguage":"en-US","@id":"https:\/\/www.atempo-music.fr\/#\/schema\/logo\/image\/","url":"https:\/\/www.atempo-music.fr\/wp-content\/uploads\/2024\/06\/Favicon-A-Tempo-en-blanc.png","contentUrl":"https:\/\/www.atempo-music.fr\/wp-content\/uploads\/2024\/06\/Favicon-A-Tempo-en-blanc.png","width":513,"height":513,"caption":"A Tempo"},"image":{"@id":"https:\/\/www.atempo-music.fr\/#\/schema\/logo\/image\/"},"sameAs":["https:\/\/www.facebook.com\/ATEMPOSaintEtienne","https:\/\/www.facebook.com\/ATEMPOLePuyEnVelay\/","https:\/\/www.instagram.com\/atempo_saint_etienne\/","https:\/\/www.instagram.com\/atempo_le_puy\/"]}]}},"_links":{"self":[{"href":"https:\/\/www.atempo-music.fr\/index.php\/wp-json\/wp\/v2\/pages\/5444","targetHints":{"allow":["GET"]}}],"collection":[{"href":"https:\/\/www.atempo-music.fr\/index.php\/wp-json\/wp\/v2\/pages"}],"about":[{"href":"https:\/\/www.atempo-music.fr\/index.php\/wp-json\/wp\/v2\/types\/page"}],"author":[{"embeddable":true,"href":"https:\/\/www.atempo-music.fr\/index.php\/wp-json\/wp\/v2\/users\/1"}],"replies":[{"embeddable":true,"href":"https:\/\/www.atempo-music.fr\/index.php\/wp-json\/wp\/v2\/comments?post=5444"}],"version-history":[{"count":65,"href":"https:\/\/www.atempo-music.fr\/index.php\/wp-json\/wp\/v2\/pages\/5444\/revisions"}],"predecessor-version":[{"id":6126,"href":"https:\/\/www.atempo-music.fr\/index.php\/wp-json\/wp\/v2\/pages\/5444\/revisions\/6126"}],"wp:attachment":[{"href":"https:\/\/www.atempo-music.fr\/index.php\/wp-json\/wp\/v2\/media?parent=5444"}],"curies":[{"name":"wp","href":"https:\/\/api.w.org\/{rel}","templated":true}]}}