{"id":5244,"date":"2020-01-23T18:21:52","date_gmt":"2020-01-23T18:21:52","guid":{"rendered":"https:\/\/demosites.io\/web-agency-gb\/?page_id=61"},"modified":"2024-07-12T16:19:29","modified_gmt":"2024-07-12T14:19:29","slug":"about-us","status":"publish","type":"page","link":"https:\/\/www.atempo-music.fr\/index.php\/about-us\/","title":{"rendered":"\u00c0 propos"},"content":{"rendered":"\n<div class=\"wp-block-cover alignfull\" style=\"min-height:300px;aspect-ratio:unset;\"><span aria-hidden=\"true\" class=\"wp-block-cover__background has-nv-site-bg-background-color has-background-dim-100 has-background-dim\"><\/span><div class=\"wp-block-cover__inner-container is-layout-flow wp-block-cover-is-layout-flow\">\n<div class=\"wp-block-group\"><div class=\"wp-block-group__inner-container is-layout-flow wp-block-group-is-layout-flow\">\n<h1 class=\"wp-block-heading has-text-align-left has-neve-text-color-color has-text-color\">Notre histoire<\/h1>\n<\/div><\/div>\n<\/div><\/div>\n\n\n\n<div class=\"wp-block-cover alignfull\" style=\"min-height:600px;aspect-ratio:unset;\"><span aria-hidden=\"true\" class=\"wp-block-cover__background has-nv-light-bg-background-color has-background-dim-100 has-background-dim\"><\/span><div class=\"wp-block-cover__inner-container is-layout-flow wp-block-cover-is-layout-flow\">\n<div class=\"wp-block-group\"><div class=\"wp-block-group__inner-container is-layout-flow wp-block-group-is-layout-flow\">\n<div style=\"height:80px\" aria-hidden=\"true\" class=\"wp-block-spacer\"><\/div>\n\n\n\n<div class=\"wp-block-columns are-vertically-aligned-center has-neve-text-color-color has-text-color is-layout-flex wp-container-core-columns-is-layout-9d6595d7 wp-block-columns-is-layout-flex\">\n<div class=\"wp-block-column is-vertically-aligned-center is-layout-flow wp-block-column-is-layout-flow\" style=\"flex-basis:50%\">\n<figure class=\"wp-block-image size-large\"><img decoding=\"async\" src=\"http:\/\/www.atempo-music.fr\/wp-content\/uploads\/2024\/06\/DSC_0859-1-1024x680.jpg\" alt=\"\"\/><\/figure>\n<\/div>\n\n\n\n<div class=\"wp-block-column is-vertically-aligned-center is-layout-flow wp-block-column-is-layout-flow\" style=\"flex-basis:50%\">\n<h2 class=\"wp-block-heading has-neve-link-color-color has-text-color\">La passion comme moteur<\/h2>\n\n\n\n<p>A Tempo, c\u2019est l\u2019histoire de&nbsp;<strong>deux passionn\u00e9s de musique<\/strong>.<\/p>\n\n\n\n<p>Myriam (fl\u00fbtiste) et Nicolas (fl\u00fbtiste et saxophoniste) se rencontrent lors de leurs trois ann\u00e9es de formation au sein de l\u2019Institut Technologique Europ\u00e9en des M\u00e9tiers de la Musique (ITEMM).<\/p>\n\n\n\n<p>De 2000 \u00e0 2003, Nicolas se forme au sein de l\u2019enseigne st\u00e9phanoise Albaynac Musique tandis que Myriam passe son apprentissage chez Major Pigalle \u00e0 Paris. Elle rejoint Nicolas chez Albaynac Musique en 2003 pour la gestion de la librairie musicale.<\/p>\n<\/div>\n<\/div>\n\n\n\n<div style=\"height:40px\" aria-hidden=\"true\" class=\"wp-block-spacer\"><\/div>\n<\/div><\/div>\n<\/div><\/div>\n\n\n\n<div class=\"wp-block-cover alignfull\" style=\"min-height:600px;aspect-ratio:unset;\"><span aria-hidden=\"true\" class=\"wp-block-cover__background has-nv-site-bg-background-color has-background-dim-100 has-background-dim\"><\/span><div class=\"wp-block-cover__inner-container is-layout-flow wp-block-cover-is-layout-flow\">\n<div class=\"wp-block-group\"><div class=\"wp-block-group__inner-container is-layout-flow wp-block-group-is-layout-flow\">\n<div style=\"height:80px\" aria-hidden=\"true\" class=\"wp-block-spacer\"><\/div>\n\n\n\n<div class=\"wp-block-columns are-vertically-aligned-center has-neve-text-color-color has-text-color is-layout-flex wp-container-core-columns-is-layout-9d6595d7 wp-block-columns-is-layout-flex\">\n<div class=\"wp-block-column is-vertically-aligned-center is-layout-flow wp-block-column-is-layout-flow\" style=\"flex-basis:50%\">\n<h2 class=\"wp-block-heading has-neve-link-color-color has-text-color\">Une premi\u00e8re boutique&#8230;<\/h2>\n\n\n\n<p>En&nbsp;<strong>2010<\/strong>, suite \u00e0 la reprise d\u2019une partie de l\u2019activit\u00e9 d\u2019Albaynac Musique, Nicolas et Myriam ouvrent leur premi\u00e8re&nbsp;<strong>boutique&nbsp;<\/strong><a href=\"https:\/\/www.atempo-music.fr\/index.php\/a-tempo-saint-etienne\/\" target=\"_blank\" aria-label=\" (opens in a new tab)\" rel=\"noreferrer noopener\" class=\"ek-link\"><strong>A Tempo \u00e0 Saint-Etienne<\/strong><\/a>&nbsp;au sein de laquelle ils proposent la r\u00e9paration d\u2019instruments \u00e0 vent et d\u2019accessoires cuivres et bois, la location d\u2019instruments, ainsi que la vente de partitions et des \u00e9ditions Fuzeau.<\/p>\n<\/div>\n\n\n\n<div class=\"wp-block-column is-vertically-aligned-center is-layout-flow wp-block-column-is-layout-flow\" style=\"flex-basis:50%\">\n<figure class=\"wp-block-image size-large\"><img decoding=\"async\" src=\"http:\/\/www.atempo-music.fr\/wp-content\/uploads\/2024\/06\/436704551_1114841666291205_8596801836170282804_n-copie-2-1024x676.jpg\" alt=\"\"\/><\/figure>\n<\/div>\n<\/div>\n\n\n\n<div style=\"height:40px\" aria-hidden=\"true\" class=\"wp-block-spacer\"><\/div>\n<\/div><\/div>\n<\/div><\/div>\n\n\n\n<div class=\"wp-block-cover alignfull\" style=\"min-height:600px;aspect-ratio:unset;\"><span aria-hidden=\"true\" class=\"wp-block-cover__background has-nv-light-bg-background-color has-background-dim-100 has-background-dim\"><\/span><div class=\"wp-block-cover__inner-container is-layout-flow wp-block-cover-is-layout-flow\">\n<div class=\"wp-block-group\"><div class=\"wp-block-group__inner-container is-layout-flow wp-block-group-is-layout-flow\">\n<div style=\"height:80px\" aria-hidden=\"true\" class=\"wp-block-spacer\"><\/div>\n\n\n\n<div class=\"wp-block-columns are-vertically-aligned-center has-neve-text-color-color has-text-color is-layout-flex wp-container-core-columns-is-layout-9d6595d7 wp-block-columns-is-layout-flex\">\n<div class=\"wp-block-column is-vertically-aligned-center is-layout-flow wp-block-column-is-layout-flow\" style=\"flex-basis:50%\">\n<figure class=\"wp-block-image size-large\"><img decoding=\"async\" src=\"http:\/\/www.atempo-music.fr\/wp-content\/uploads\/2024\/06\/DSC_0812-copie-1-1024x764.png\" alt=\"\"\/><\/figure>\n<\/div>\n\n\n\n<div class=\"wp-block-column is-vertically-aligned-center is-layout-flow wp-block-column-is-layout-flow\" style=\"flex-basis:50%\">\n<h2 class=\"wp-block-heading has-neve-link-color-color has-text-color\">&#8230;Bient\u00f4t suivie d&#8217;une deuxi\u00e8me<\/h2>\n\n\n\n<p>Puis&nbsp;<strong>en 2017, leur deuxi\u00e8me magasin ouvre ses portes&nbsp;<a href=\"https:\/\/www.atempo-music.fr\/index.php\/a-tempo-le-puy-en-velay\/\" target=\"_blank\" aria-label=\" (opens in a new tab)\" rel=\"noreferrer noopener\" class=\"ek-link\">au Puy-en-Velay<\/a><\/strong>. Plus g\u00e9n\u00e9raliste, la boutique propose un service de lutherie suppl\u00e9mentaire g\u00e9r\u00e9 par le contrebassiste et violoniste Damien Lagarde. Auparavant install\u00e9 \u00e0 Saint-Etienne Lardeyrol, et apr\u00e8s \u00eatre pass\u00e9 dans plusieurs ateliers (Paris, Suisse, Br\u00e9sil), Damien a obtenu son dipl\u00f4me en lutherie au Newark &amp; Sherwood College en 2002.<\/p>\n<\/div>\n<\/div>\n\n\n\n<div style=\"height:40px\" aria-hidden=\"true\" class=\"wp-block-spacer\"><\/div>\n<\/div><\/div>\n\n\n\n<div class=\"wp-block-cover alignfull\" style=\"min-height:600px;aspect-ratio:unset;\"><span aria-hidden=\"true\" class=\"wp-block-cover__background has-nv-site-bg-background-color has-background-dim-100 has-background-dim\"><\/span><div class=\"wp-block-cover__inner-container is-layout-flow wp-block-cover-is-layout-flow\">\n<div class=\"wp-block-group\"><div class=\"wp-block-group__inner-container is-layout-flow wp-block-group-is-layout-flow\">\n<div style=\"height:80px\" aria-hidden=\"true\" class=\"wp-block-spacer\"><\/div>\n\n\n\n<div class=\"wp-block-columns are-vertically-aligned-center has-neve-text-color-color has-text-color is-layout-flex wp-container-core-columns-is-layout-9d6595d7 wp-block-columns-is-layout-flex\">\n<div class=\"wp-block-column is-vertically-aligned-center is-layout-flow wp-block-column-is-layout-flow\" style=\"flex-basis:50%\">\n<h2 class=\"wp-block-heading has-neve-link-color-color has-text-color\">L&#8217;\u00e9quipe s&#8217;agrandit<\/h2>\n\n\n\n<p>Au fur et \u00e0 mesure,&nbsp;<strong>l\u2019\u00e9quipe s\u2019agrandit<\/strong>. No\u00e9mie (fl\u00fbtiste) rejoint la boutique du Puy-au-Velay, et Arthur (tromboniste), apprenti en r\u00e9paration d&#8217;instruments \u00e0 vent, celle de Saint-Etienne. Les locaux, eux, changent&nbsp;: la boutique de Saint-Etienne quitte la rue Antoine Durafour en avril 2021 pour s\u2019installer 8 place Villeboeuf, aux c\u00f4t\u00e9s d\u2019Albaynac Musique. Le magasin du Puy-en-Velay change aussi, pour s\u2019installer dans de plus grands locaux, au 63 Boulevard Carnot au Puy-en-Velay.<\/p>\n<\/div>\n\n\n\n<div class=\"wp-block-column is-vertically-aligned-center is-layout-flow wp-block-column-is-layout-flow\" style=\"flex-basis:50%\">\n<figure class=\"wp-block-image size-large\"><img decoding=\"async\" src=\"http:\/\/www.atempo-music.fr\/wp-content\/uploads\/2024\/06\/DSC_0760-1024x680.png\" alt=\"\"\/><\/figure>\n<\/div>\n<\/div>\n\n\n\n<div style=\"height:40px\" aria-hidden=\"true\" class=\"wp-block-spacer\"><\/div>\n<\/div><\/div>\n<\/div><\/div>\n<\/div><\/div>\n","protected":false},"excerpt":{"rendered":"","protected":false},"author":1,"featured_media":0,"parent":0,"menu_order":0,"comment_status":"closed","ping_status":"closed","template":"","meta":{"_editorskit_title_hidden":false,"_editorskit_reading_time":0,"_editorskit_is_block_options_detached":false,"_editorskit_block_options_position":"{}","neve_meta_sidebar":"default","neve_meta_container":"default","neve_meta_enable_content_width":"on","neve_meta_content_width":100,"neve_meta_title_alignment":"","neve_meta_author_avatar":"","neve_post_elements_order":"","neve_meta_disable_header":"","neve_meta_disable_footer":"","neve_meta_disable_title":"on","_themeisle_gutenberg_block_has_review":false,"footnotes":""},"class_list":["post-5244","page","type-page","status-publish","hentry"],"yoast_head":"<!-- This site is optimized with the Yoast SEO plugin v27.4 - https:\/\/yoast.com\/product\/yoast-seo-wordpress\/ -->\n<title>Notre histoire - Magasins de musique A Tempo<\/title>\n<meta name=\"description\" content=\"A Tempo, c\u2019est l\u2019histoire d&#039;une \u00e9quipe exp\u00e9riment\u00e9e, passionn\u00e9e et souriante, qui vous conseille dans ses magasins du Puy et de Saint-\u00c9tienne.\" \/>\n<meta name=\"robots\" content=\"index, follow, max-snippet:-1, max-image-preview:large, max-video-preview:-1\" \/>\n<link rel=\"canonical\" href=\"http:\/\/www.atempo-music.fr\/index.php\/about-us\/\" \/>\n<meta property=\"og:locale\" content=\"en_US\" \/>\n<meta property=\"og:type\" content=\"article\" \/>\n<meta property=\"og:title\" content=\"Notre histoire - Magasins de musique A Tempo\" \/>\n<meta property=\"og:description\" content=\"A Tempo, c\u2019est l\u2019histoire d&#039;une \u00e9quipe exp\u00e9riment\u00e9e, passionn\u00e9e et souriante, qui vous conseille dans ses magasins du Puy et de Saint-\u00c9tienne.\" \/>\n<meta property=\"og:url\" content=\"http:\/\/www.atempo-music.fr\/index.php\/about-us\/\" \/>\n<meta property=\"og:site_name\" content=\"A Tempo\" \/>\n<meta property=\"article:publisher\" content=\"https:\/\/www.facebook.com\/ATEMPOSaintEtienne\" \/>\n<meta property=\"article:modified_time\" content=\"2024-07-12T14:19:29+00:00\" \/>\n<meta property=\"og:image\" content=\"http:\/\/www.atempo-music.fr\/wp-content\/uploads\/2024\/06\/DSC_0859-1-1024x680.jpg\" \/>\n<meta name=\"twitter:card\" content=\"summary_large_image\" \/>\n<meta name=\"twitter:label1\" content=\"Est. reading time\" \/>\n\t<meta name=\"twitter:data1\" content=\"3 minutes\" \/>\n<script type=\"application\/ld+json\" class=\"yoast-schema-graph\">{\"@context\":\"https:\\\/\\\/schema.org\",\"@graph\":[{\"@type\":[\"WebPage\",\"AboutPage\"],\"@id\":\"http:\\\/\\\/www.atempo-music.fr\\\/index.php\\\/about-us\\\/\",\"url\":\"http:\\\/\\\/www.atempo-music.fr\\\/index.php\\\/about-us\\\/\",\"name\":\"Notre histoire - Magasins de musique A Tempo\",\"isPartOf\":{\"@id\":\"https:\\\/\\\/www.atempo-music.fr\\\/#website\"},\"primaryImageOfPage\":{\"@id\":\"http:\\\/\\\/www.atempo-music.fr\\\/index.php\\\/about-us\\\/#primaryimage\"},\"image\":{\"@id\":\"http:\\\/\\\/www.atempo-music.fr\\\/index.php\\\/about-us\\\/#primaryimage\"},\"thumbnailUrl\":\"http:\\\/\\\/www.atempo-music.fr\\\/wp-content\\\/uploads\\\/2024\\\/06\\\/DSC_0859-1-1024x680.jpg\",\"datePublished\":\"2020-01-23T18:21:52+00:00\",\"dateModified\":\"2024-07-12T14:19:29+00:00\",\"description\":\"A Tempo, c\u2019est l\u2019histoire d'une \u00e9quipe exp\u00e9riment\u00e9e, passionn\u00e9e et souriante, qui vous conseille dans ses magasins du Puy et de Saint-\u00c9tienne.\",\"breadcrumb\":{\"@id\":\"http:\\\/\\\/www.atempo-music.fr\\\/index.php\\\/about-us\\\/#breadcrumb\"},\"inLanguage\":\"en-US\",\"potentialAction\":[{\"@type\":\"ReadAction\",\"target\":[\"http:\\\/\\\/www.atempo-music.fr\\\/index.php\\\/about-us\\\/\"]}]},{\"@type\":\"ImageObject\",\"inLanguage\":\"en-US\",\"@id\":\"http:\\\/\\\/www.atempo-music.fr\\\/index.php\\\/about-us\\\/#primaryimage\",\"url\":\"http:\\\/\\\/www.atempo-music.fr\\\/wp-content\\\/uploads\\\/2024\\\/06\\\/DSC_0859-1-1024x680.jpg\",\"contentUrl\":\"http:\\\/\\\/www.atempo-music.fr\\\/wp-content\\\/uploads\\\/2024\\\/06\\\/DSC_0859-1-1024x680.jpg\"},{\"@type\":\"BreadcrumbList\",\"@id\":\"http:\\\/\\\/www.atempo-music.fr\\\/index.php\\\/about-us\\\/#breadcrumb\",\"itemListElement\":[{\"@type\":\"ListItem\",\"position\":1,\"name\":\"Accueil\",\"item\":\"https:\\\/\\\/www.atempo-music.fr\\\/\"},{\"@type\":\"ListItem\",\"position\":2,\"name\":\"\u00c0 propos\"}]},{\"@type\":\"WebSite\",\"@id\":\"https:\\\/\\\/www.atempo-music.fr\\\/#website\",\"url\":\"https:\\\/\\\/www.atempo-music.fr\\\/\",\"name\":\"A Tempo\",\"description\":\"Vos boutiques musicales au Puy-en-Velay et Saint-Etienne\",\"publisher\":{\"@id\":\"https:\\\/\\\/www.atempo-music.fr\\\/#organization\"},\"potentialAction\":[{\"@type\":\"SearchAction\",\"target\":{\"@type\":\"EntryPoint\",\"urlTemplate\":\"https:\\\/\\\/www.atempo-music.fr\\\/?s={search_term_string}\"},\"query-input\":{\"@type\":\"PropertyValueSpecification\",\"valueRequired\":true,\"valueName\":\"search_term_string\"}}],\"inLanguage\":\"en-US\"},{\"@type\":\"Organization\",\"@id\":\"https:\\\/\\\/www.atempo-music.fr\\\/#organization\",\"name\":\"A Tempo\",\"url\":\"https:\\\/\\\/www.atempo-music.fr\\\/\",\"logo\":{\"@type\":\"ImageObject\",\"inLanguage\":\"en-US\",\"@id\":\"https:\\\/\\\/www.atempo-music.fr\\\/#\\\/schema\\\/logo\\\/image\\\/\",\"url\":\"https:\\\/\\\/www.atempo-music.fr\\\/wp-content\\\/uploads\\\/2024\\\/06\\\/Favicon-A-Tempo-en-blanc.png\",\"contentUrl\":\"https:\\\/\\\/www.atempo-music.fr\\\/wp-content\\\/uploads\\\/2024\\\/06\\\/Favicon-A-Tempo-en-blanc.png\",\"width\":513,\"height\":513,\"caption\":\"A Tempo\"},\"image\":{\"@id\":\"https:\\\/\\\/www.atempo-music.fr\\\/#\\\/schema\\\/logo\\\/image\\\/\"},\"sameAs\":[\"https:\\\/\\\/www.facebook.com\\\/ATEMPOSaintEtienne\",\"https:\\\/\\\/www.facebook.com\\\/ATEMPOLePuyEnVelay\\\/\",\"https:\\\/\\\/www.instagram.com\\\/atempo_saint_etienne\\\/\",\"https:\\\/\\\/www.instagram.com\\\/atempo_le_puy\\\/\"]}]}<\/script>\n<!-- \/ Yoast SEO plugin. -->","yoast_head_json":{"title":"Notre histoire - Magasins de musique A Tempo","description":"A Tempo, c\u2019est l\u2019histoire d'une \u00e9quipe exp\u00e9riment\u00e9e, passionn\u00e9e et souriante, qui vous conseille dans ses magasins du Puy et de Saint-\u00c9tienne.","robots":{"index":"index","follow":"follow","max-snippet":"max-snippet:-1","max-image-preview":"max-image-preview:large","max-video-preview":"max-video-preview:-1"},"canonical":"http:\/\/www.atempo-music.fr\/index.php\/about-us\/","og_locale":"en_US","og_type":"article","og_title":"Notre histoire - Magasins de musique A Tempo","og_description":"A Tempo, c\u2019est l\u2019histoire d'une \u00e9quipe exp\u00e9riment\u00e9e, passionn\u00e9e et souriante, qui vous conseille dans ses magasins du Puy et de Saint-\u00c9tienne.","og_url":"http:\/\/www.atempo-music.fr\/index.php\/about-us\/","og_site_name":"A Tempo","article_publisher":"https:\/\/www.facebook.com\/ATEMPOSaintEtienne","article_modified_time":"2024-07-12T14:19:29+00:00","og_image":[{"url":"http:\/\/www.atempo-music.fr\/wp-content\/uploads\/2024\/06\/DSC_0859-1-1024x680.jpg","type":"","width":"","height":""}],"twitter_card":"summary_large_image","twitter_misc":{"Est. reading time":"3 minutes"},"schema":{"@context":"https:\/\/schema.org","@graph":[{"@type":["WebPage","AboutPage"],"@id":"http:\/\/www.atempo-music.fr\/index.php\/about-us\/","url":"http:\/\/www.atempo-music.fr\/index.php\/about-us\/","name":"Notre histoire - Magasins de musique A Tempo","isPartOf":{"@id":"https:\/\/www.atempo-music.fr\/#website"},"primaryImageOfPage":{"@id":"http:\/\/www.atempo-music.fr\/index.php\/about-us\/#primaryimage"},"image":{"@id":"http:\/\/www.atempo-music.fr\/index.php\/about-us\/#primaryimage"},"thumbnailUrl":"http:\/\/www.atempo-music.fr\/wp-content\/uploads\/2024\/06\/DSC_0859-1-1024x680.jpg","datePublished":"2020-01-23T18:21:52+00:00","dateModified":"2024-07-12T14:19:29+00:00","description":"A Tempo, c\u2019est l\u2019histoire d'une \u00e9quipe exp\u00e9riment\u00e9e, passionn\u00e9e et souriante, qui vous conseille dans ses magasins du Puy et de Saint-\u00c9tienne.","breadcrumb":{"@id":"http:\/\/www.atempo-music.fr\/index.php\/about-us\/#breadcrumb"},"inLanguage":"en-US","potentialAction":[{"@type":"ReadAction","target":["http:\/\/www.atempo-music.fr\/index.php\/about-us\/"]}]},{"@type":"ImageObject","inLanguage":"en-US","@id":"http:\/\/www.atempo-music.fr\/index.php\/about-us\/#primaryimage","url":"http:\/\/www.atempo-music.fr\/wp-content\/uploads\/2024\/06\/DSC_0859-1-1024x680.jpg","contentUrl":"http:\/\/www.atempo-music.fr\/wp-content\/uploads\/2024\/06\/DSC_0859-1-1024x680.jpg"},{"@type":"BreadcrumbList","@id":"http:\/\/www.atempo-music.fr\/index.php\/about-us\/#breadcrumb","itemListElement":[{"@type":"ListItem","position":1,"name":"Accueil","item":"https:\/\/www.atempo-music.fr\/"},{"@type":"ListItem","position":2,"name":"\u00c0 propos"}]},{"@type":"WebSite","@id":"https:\/\/www.atempo-music.fr\/#website","url":"https:\/\/www.atempo-music.fr\/","name":"A Tempo","description":"Vos boutiques musicales au Puy-en-Velay et Saint-Etienne","publisher":{"@id":"https:\/\/www.atempo-music.fr\/#organization"},"potentialAction":[{"@type":"SearchAction","target":{"@type":"EntryPoint","urlTemplate":"https:\/\/www.atempo-music.fr\/?s={search_term_string}"},"query-input":{"@type":"PropertyValueSpecification","valueRequired":true,"valueName":"search_term_string"}}],"inLanguage":"en-US"},{"@type":"Organization","@id":"https:\/\/www.atempo-music.fr\/#organization","name":"A Tempo","url":"https:\/\/www.atempo-music.fr\/","logo":{"@type":"ImageObject","inLanguage":"en-US","@id":"https:\/\/www.atempo-music.fr\/#\/schema\/logo\/image\/","url":"https:\/\/www.atempo-music.fr\/wp-content\/uploads\/2024\/06\/Favicon-A-Tempo-en-blanc.png","contentUrl":"https:\/\/www.atempo-music.fr\/wp-content\/uploads\/2024\/06\/Favicon-A-Tempo-en-blanc.png","width":513,"height":513,"caption":"A Tempo"},"image":{"@id":"https:\/\/www.atempo-music.fr\/#\/schema\/logo\/image\/"},"sameAs":["https:\/\/www.facebook.com\/ATEMPOSaintEtienne","https:\/\/www.facebook.com\/ATEMPOLePuyEnVelay\/","https:\/\/www.instagram.com\/atempo_saint_etienne\/","https:\/\/www.instagram.com\/atempo_le_puy\/"]}]}},"_links":{"self":[{"href":"https:\/\/www.atempo-music.fr\/index.php\/wp-json\/wp\/v2\/pages\/5244","targetHints":{"allow":["GET"]}}],"collection":[{"href":"https:\/\/www.atempo-music.fr\/index.php\/wp-json\/wp\/v2\/pages"}],"about":[{"href":"https:\/\/www.atempo-music.fr\/index.php\/wp-json\/wp\/v2\/types\/page"}],"author":[{"embeddable":true,"href":"https:\/\/www.atempo-music.fr\/index.php\/wp-json\/wp\/v2\/users\/1"}],"replies":[{"embeddable":true,"href":"https:\/\/www.atempo-music.fr\/index.php\/wp-json\/wp\/v2\/comments?post=5244"}],"version-history":[{"count":31,"href":"https:\/\/www.atempo-music.fr\/index.php\/wp-json\/wp\/v2\/pages\/5244\/revisions"}],"predecessor-version":[{"id":6120,"href":"https:\/\/www.atempo-music.fr\/index.php\/wp-json\/wp\/v2\/pages\/5244\/revisions\/6120"}],"wp:attachment":[{"href":"https:\/\/www.atempo-music.fr\/index.php\/wp-json\/wp\/v2\/media?parent=5244"}],"curies":[{"name":"wp","href":"https:\/\/api.w.org\/{rel}","templated":true}]}}