{"id":3,"date":"2024-05-06T15:10:27","date_gmt":"2024-05-06T13:10:27","guid":{"rendered":"http:\/\/wip.atempo-music.fr\/?page_id=3"},"modified":"2024-07-01T11:58:29","modified_gmt":"2024-07-01T09:58:29","slug":"mentions-legales","status":"publish","type":"page","link":"https:\/\/www.atempo-music.fr\/index.php\/mentions-legales\/","title":{"rendered":"Mentions l\u00e9gales"},"content":{"rendered":"\n<h2 class=\"wp-block-heading\">A Tempo<\/h2>\n\n\n\n<p>A Tempo Saint-\u00c9tienne \u2013 SARL 522 504 554 00026<br>8 Place Villeboeuf 42100 Saint-\u00c9tienne \u2013 04 77 37 42 87<br>Capital social&nbsp;:&nbsp;1&nbsp;000,00 \u20ac<\/p>\n\n\n\n<p><br>A Tempo Le Puy \u2013 SAS 829 851 880 00023<br>63 Boulevard Carnot 43000 Le Puy-en-Velay \u2013 04 71 57 24 35<br>Capital social&nbsp;:&nbsp;5&nbsp;000,00 \u20ac<\/p>\n\n\n\n<h2 class=\"wp-block-heading\"><strong>H\u00e9bergement<\/strong><\/h2>\n\n\n\n<p>OVH<br>2 rue Kellermann \u2013 59100 Roubaix \u2013 France<\/p>\n\n\n\n<h2 class=\"wp-block-heading\"><strong>Protection des donn\u00e9es personnelles<\/strong><\/h2>\n\n\n\n<p>A Tempo s\u2019engage \u00e0 pr\u00e9server la confidentialit\u00e9 des informations \u00e9ventuellement fournies en ligne par l\u2019internaute. Celles-ci ne ne sont jamais communiqu\u00e9es \u00e0 des tiers.<\/p>\n\n\n\n<p>Les donn\u00e9es personnelles de l\u2019internaute sont prot\u00e9g\u00e9es par la loi n\u00b0 78-17 du 6 janvier 1978. Vous disposez \u00e0 ce titre d\u2019un droit d\u2019acc\u00e8s, de rectification et de suppression des donn\u00e9es personnelles vous concernant.<\/p>\n","protected":false},"excerpt":{"rendered":"<p>A Tempo A Tempo Saint-\u00c9tienne \u2013 SARL 522 504 554 000268 Place Villeboeuf 42100 Saint-\u00c9tienne \u2013 04 77 37 42 87Capital social&nbsp;:&nbsp;1&nbsp;000,00 \u20ac A Tempo Le Puy \u2013 SAS 829 851 880 0002363 Boulevard Carnot 43000 Le Puy-en-Velay \u2013 04 71 57 24 35Capital social&nbsp;:&nbsp;5&nbsp;000,00 \u20ac H\u00e9bergement OVH2 rue Kellermann \u2013 59100 Roubaix \u2013 France&hellip;&nbsp;<a href=\"https:\/\/www.atempo-music.fr\/index.php\/mentions-legales\/\" class=\"\" rel=\"bookmark\">Read More &raquo;<span class=\"screen-reader-text\">Mentions l\u00e9gales<\/span><\/a><\/p>\n","protected":false},"author":1,"featured_media":0,"parent":0,"menu_order":0,"comment_status":"closed","ping_status":"open","template":"","meta":{"_editorskit_title_hidden":false,"_editorskit_reading_time":0,"_editorskit_is_block_options_detached":false,"_editorskit_block_options_position":"{}","neve_meta_sidebar":"","neve_meta_container":"","neve_meta_enable_content_width":"","neve_meta_content_width":0,"neve_meta_title_alignment":"","neve_meta_author_avatar":"","neve_post_elements_order":"","neve_meta_disable_header":"","neve_meta_disable_footer":"","neve_meta_disable_title":"","_themeisle_gutenberg_block_has_review":false,"footnotes":""},"class_list":["post-3","page","type-page","status-publish","hentry"],"yoast_head":"<!-- This site is optimized with the Yoast SEO plugin v27.4 - https:\/\/yoast.com\/product\/yoast-seo-wordpress\/ -->\n<title>Mentions l\u00e9gales - A Tempo<\/title>\n<meta name=\"robots\" content=\"index, follow, max-snippet:-1, max-image-preview:large, max-video-preview:-1\" \/>\n<link rel=\"canonical\" href=\"https:\/\/www.atempo-music.fr\/index.php\/mentions-legales\/\" \/>\n<meta property=\"og:locale\" content=\"en_US\" \/>\n<meta property=\"og:type\" content=\"article\" \/>\n<meta property=\"og:title\" content=\"Mentions l\u00e9gales - A Tempo\" \/>\n<meta property=\"og:description\" content=\"A Tempo A Tempo Saint-\u00c9tienne \u2013 SARL 522 504 554 000268 Place Villeboeuf 42100 Saint-\u00c9tienne \u2013 04 77 37 42 87Capital social&nbsp;:&nbsp;1&nbsp;000,00 \u20ac A Tempo Le Puy \u2013 SAS 829 851 880 0002363 Boulevard Carnot 43000 Le Puy-en-Velay \u2013 04 71 57 24 35Capital social&nbsp;:&nbsp;5&nbsp;000,00 \u20ac H\u00e9bergement OVH2 rue Kellermann \u2013 59100 Roubaix \u2013 France&hellip;&nbsp;Read More &raquo;Mentions l\u00e9gales\" \/>\n<meta property=\"og:url\" content=\"https:\/\/www.atempo-music.fr\/index.php\/mentions-legales\/\" \/>\n<meta property=\"og:site_name\" content=\"A Tempo\" \/>\n<meta property=\"article:publisher\" content=\"https:\/\/www.facebook.com\/ATEMPOSaintEtienne\" \/>\n<meta property=\"article:modified_time\" content=\"2024-07-01T09:58:29+00:00\" \/>\n<meta name=\"twitter:card\" content=\"summary_large_image\" \/>\n<meta name=\"twitter:label1\" content=\"Est. reading time\" \/>\n\t<meta name=\"twitter:data1\" content=\"1 minute\" \/>\n<script type=\"application\/ld+json\" class=\"yoast-schema-graph\">{\"@context\":\"https:\\\/\\\/schema.org\",\"@graph\":[{\"@type\":\"WebPage\",\"@id\":\"https:\\\/\\\/www.atempo-music.fr\\\/index.php\\\/mentions-legales\\\/\",\"url\":\"https:\\\/\\\/www.atempo-music.fr\\\/index.php\\\/mentions-legales\\\/\",\"name\":\"Mentions l\u00e9gales - A Tempo\",\"isPartOf\":{\"@id\":\"https:\\\/\\\/www.atempo-music.fr\\\/#website\"},\"datePublished\":\"2024-05-06T13:10:27+00:00\",\"dateModified\":\"2024-07-01T09:58:29+00:00\",\"breadcrumb\":{\"@id\":\"https:\\\/\\\/www.atempo-music.fr\\\/index.php\\\/mentions-legales\\\/#breadcrumb\"},\"inLanguage\":\"en-US\",\"potentialAction\":[{\"@type\":\"ReadAction\",\"target\":[\"https:\\\/\\\/www.atempo-music.fr\\\/index.php\\\/mentions-legales\\\/\"]}]},{\"@type\":\"BreadcrumbList\",\"@id\":\"https:\\\/\\\/www.atempo-music.fr\\\/index.php\\\/mentions-legales\\\/#breadcrumb\",\"itemListElement\":[{\"@type\":\"ListItem\",\"position\":1,\"name\":\"Accueil\",\"item\":\"https:\\\/\\\/www.atempo-music.fr\\\/\"},{\"@type\":\"ListItem\",\"position\":2,\"name\":\"Mentions l\u00e9gales\"}]},{\"@type\":\"WebSite\",\"@id\":\"https:\\\/\\\/www.atempo-music.fr\\\/#website\",\"url\":\"https:\\\/\\\/www.atempo-music.fr\\\/\",\"name\":\"A Tempo\",\"description\":\"Vos boutiques musicales au Puy-en-Velay et Saint-Etienne\",\"publisher\":{\"@id\":\"https:\\\/\\\/www.atempo-music.fr\\\/#organization\"},\"potentialAction\":[{\"@type\":\"SearchAction\",\"target\":{\"@type\":\"EntryPoint\",\"urlTemplate\":\"https:\\\/\\\/www.atempo-music.fr\\\/?s={search_term_string}\"},\"query-input\":{\"@type\":\"PropertyValueSpecification\",\"valueRequired\":true,\"valueName\":\"search_term_string\"}}],\"inLanguage\":\"en-US\"},{\"@type\":\"Organization\",\"@id\":\"https:\\\/\\\/www.atempo-music.fr\\\/#organization\",\"name\":\"A Tempo\",\"url\":\"https:\\\/\\\/www.atempo-music.fr\\\/\",\"logo\":{\"@type\":\"ImageObject\",\"inLanguage\":\"en-US\",\"@id\":\"https:\\\/\\\/www.atempo-music.fr\\\/#\\\/schema\\\/logo\\\/image\\\/\",\"url\":\"https:\\\/\\\/www.atempo-music.fr\\\/wp-content\\\/uploads\\\/2024\\\/06\\\/Favicon-A-Tempo-en-blanc.png\",\"contentUrl\":\"https:\\\/\\\/www.atempo-music.fr\\\/wp-content\\\/uploads\\\/2024\\\/06\\\/Favicon-A-Tempo-en-blanc.png\",\"width\":513,\"height\":513,\"caption\":\"A Tempo\"},\"image\":{\"@id\":\"https:\\\/\\\/www.atempo-music.fr\\\/#\\\/schema\\\/logo\\\/image\\\/\"},\"sameAs\":[\"https:\\\/\\\/www.facebook.com\\\/ATEMPOSaintEtienne\",\"https:\\\/\\\/www.facebook.com\\\/ATEMPOLePuyEnVelay\\\/\",\"https:\\\/\\\/www.instagram.com\\\/atempo_saint_etienne\\\/\",\"https:\\\/\\\/www.instagram.com\\\/atempo_le_puy\\\/\"]}]}<\/script>\n<!-- \/ Yoast SEO plugin. -->","yoast_head_json":{"title":"Mentions l\u00e9gales - A Tempo","robots":{"index":"index","follow":"follow","max-snippet":"max-snippet:-1","max-image-preview":"max-image-preview:large","max-video-preview":"max-video-preview:-1"},"canonical":"https:\/\/www.atempo-music.fr\/index.php\/mentions-legales\/","og_locale":"en_US","og_type":"article","og_title":"Mentions l\u00e9gales - A Tempo","og_description":"A Tempo A Tempo Saint-\u00c9tienne \u2013 SARL 522 504 554 000268 Place Villeboeuf 42100 Saint-\u00c9tienne \u2013 04 77 37 42 87Capital social&nbsp;:&nbsp;1&nbsp;000,00 \u20ac A Tempo Le Puy \u2013 SAS 829 851 880 0002363 Boulevard Carnot 43000 Le Puy-en-Velay \u2013 04 71 57 24 35Capital social&nbsp;:&nbsp;5&nbsp;000,00 \u20ac H\u00e9bergement OVH2 rue Kellermann \u2013 59100 Roubaix \u2013 France&hellip;&nbsp;Read More &raquo;Mentions l\u00e9gales","og_url":"https:\/\/www.atempo-music.fr\/index.php\/mentions-legales\/","og_site_name":"A Tempo","article_publisher":"https:\/\/www.facebook.com\/ATEMPOSaintEtienne","article_modified_time":"2024-07-01T09:58:29+00:00","twitter_card":"summary_large_image","twitter_misc":{"Est. reading time":"1 minute"},"schema":{"@context":"https:\/\/schema.org","@graph":[{"@type":"WebPage","@id":"https:\/\/www.atempo-music.fr\/index.php\/mentions-legales\/","url":"https:\/\/www.atempo-music.fr\/index.php\/mentions-legales\/","name":"Mentions l\u00e9gales - A Tempo","isPartOf":{"@id":"https:\/\/www.atempo-music.fr\/#website"},"datePublished":"2024-05-06T13:10:27+00:00","dateModified":"2024-07-01T09:58:29+00:00","breadcrumb":{"@id":"https:\/\/www.atempo-music.fr\/index.php\/mentions-legales\/#breadcrumb"},"inLanguage":"en-US","potentialAction":[{"@type":"ReadAction","target":["https:\/\/www.atempo-music.fr\/index.php\/mentions-legales\/"]}]},{"@type":"BreadcrumbList","@id":"https:\/\/www.atempo-music.fr\/index.php\/mentions-legales\/#breadcrumb","itemListElement":[{"@type":"ListItem","position":1,"name":"Accueil","item":"https:\/\/www.atempo-music.fr\/"},{"@type":"ListItem","position":2,"name":"Mentions l\u00e9gales"}]},{"@type":"WebSite","@id":"https:\/\/www.atempo-music.fr\/#website","url":"https:\/\/www.atempo-music.fr\/","name":"A Tempo","description":"Vos boutiques musicales au Puy-en-Velay et Saint-Etienne","publisher":{"@id":"https:\/\/www.atempo-music.fr\/#organization"},"potentialAction":[{"@type":"SearchAction","target":{"@type":"EntryPoint","urlTemplate":"https:\/\/www.atempo-music.fr\/?s={search_term_string}"},"query-input":{"@type":"PropertyValueSpecification","valueRequired":true,"valueName":"search_term_string"}}],"inLanguage":"en-US"},{"@type":"Organization","@id":"https:\/\/www.atempo-music.fr\/#organization","name":"A Tempo","url":"https:\/\/www.atempo-music.fr\/","logo":{"@type":"ImageObject","inLanguage":"en-US","@id":"https:\/\/www.atempo-music.fr\/#\/schema\/logo\/image\/","url":"https:\/\/www.atempo-music.fr\/wp-content\/uploads\/2024\/06\/Favicon-A-Tempo-en-blanc.png","contentUrl":"https:\/\/www.atempo-music.fr\/wp-content\/uploads\/2024\/06\/Favicon-A-Tempo-en-blanc.png","width":513,"height":513,"caption":"A Tempo"},"image":{"@id":"https:\/\/www.atempo-music.fr\/#\/schema\/logo\/image\/"},"sameAs":["https:\/\/www.facebook.com\/ATEMPOSaintEtienne","https:\/\/www.facebook.com\/ATEMPOLePuyEnVelay\/","https:\/\/www.instagram.com\/atempo_saint_etienne\/","https:\/\/www.instagram.com\/atempo_le_puy\/"]}]}},"_links":{"self":[{"href":"https:\/\/www.atempo-music.fr\/index.php\/wp-json\/wp\/v2\/pages\/3","targetHints":{"allow":["GET"]}}],"collection":[{"href":"https:\/\/www.atempo-music.fr\/index.php\/wp-json\/wp\/v2\/pages"}],"about":[{"href":"https:\/\/www.atempo-music.fr\/index.php\/wp-json\/wp\/v2\/types\/page"}],"author":[{"embeddable":true,"href":"https:\/\/www.atempo-music.fr\/index.php\/wp-json\/wp\/v2\/users\/1"}],"replies":[{"embeddable":true,"href":"https:\/\/www.atempo-music.fr\/index.php\/wp-json\/wp\/v2\/comments?post=3"}],"version-history":[{"count":3,"href":"https:\/\/www.atempo-music.fr\/index.php\/wp-json\/wp\/v2\/pages\/3\/revisions"}],"predecessor-version":[{"id":5880,"href":"https:\/\/www.atempo-music.fr\/index.php\/wp-json\/wp\/v2\/pages\/3\/revisions\/5880"}],"wp:attachment":[{"href":"https:\/\/www.atempo-music.fr\/index.php\/wp-json\/wp\/v2\/media?parent=3"}],"curies":[{"name":"wp","href":"https:\/\/api.w.org\/{rel}","templated":true}]}}